{"id":492,"date":"2021-08-25T13:23:02","date_gmt":"2021-08-25T13:23:02","guid":{"rendered":"https:\/\/architecturehub.liquid-themes.com\/elementor\/?page_id=492"},"modified":"2024-07-04T19:17:05","modified_gmt":"2024-07-04T22:17:05","slug":"contato","status":"publish","type":"page","link":"https:\/\/ministeriofazchover.com.br\/fernandinho\/contato\/","title":{"rendered":"Contato"},"content":{"rendered":"\t\t<div data-elementor-type=\"wp-page\" data-elementor-id=\"492\" class=\"elementor elementor-492\">\n\t\t\t\t\t\t<section data-section-luminosity=\"dark\" class=\"elementor-section elementor-top-section elementor-element elementor-element-14107030 elementor-section-boxed elementor-section-height-default elementor-section-height-default\" data-id=\"14107030\" data-element_type=\"section\" data-settings=\"{&quot;background_background&quot;:&quot;classic&quot;}\">\n\t\t\t\t\t\t<div class=\"elementor-container elementor-column-gap-default\">\n\t\t\t\t\t<div class=\"elementor-column elementor-col-100 elementor-top-column elementor-element elementor-element-2de2db10\" data-id=\"2de2db10\" data-element_type=\"column\">\n\t\t\t<div class=\"elementor-widget-wrap\">\n\t\t\t\t\t\t\t<\/div>\n\t\t<\/div>\n\t\t\t\t\t<\/div>\n\t\t<\/section>\n\t\t\t\t<section class=\"elementor-section elementor-top-section elementor-element elementor-element-13ea2f7 elementor-section-full_width elementor-section-height-default elementor-section-height-default\" data-id=\"13ea2f7\" data-element_type=\"section\">\n\t\t\t\t\t\t<div class=\"elementor-container elementor-column-gap-default\">\n\t\t\t\t\t<div class=\"elementor-column elementor-col-50 elementor-top-column elementor-element elementor-element-5b389462\" data-id=\"5b389462\" data-element_type=\"column\" data-settings=\"{&quot;background_background&quot;:&quot;classic&quot;}\">\n\t\t\t<div class=\"elementor-widget-wrap elementor-element-populated\">\n\t\t\t\t\t\t<div class=\"elementor-element elementor-element-9803977 elementor-widget elementor-widget-spacer\" data-id=\"9803977\" data-element_type=\"widget\" data-widget_type=\"spacer.default\">\n\t\t\t\t<div class=\"elementor-widget-container\">\n\t\t\t\t\t\t\t<div class=\"elementor-spacer\">\n\t\t\t<div class=\"elementor-spacer-inner\"><\/div>\n\t\t<\/div>\n\t\t\t\t\t\t<\/div>\n\t\t\t\t<\/div>\n\t\t\t\t<div class=\"elementor-element elementor-element-510ca271 elementor-widget elementor-widget-ld_tabs\" data-id=\"510ca271\" data-element_type=\"widget\" data-widget_type=\"ld_tabs.default\">\n\t\t\t\t<div class=\"elementor-widget-container\">\n\t\t\t\t\t\t\t<div class=\"lqd-tabs lqd-tabs-style-12 lqd-tabs-nav-plain d-flex lqd-tabs-nav-items-not-expanded flex-column 510ca271 lqd-nav-underline-default\" data-tabs-options=\"{&quot;trigger&quot;:&quot;click&quot;}\">\n\n\t\t\t<nav class=\"lqd-tabs-nav-wrap mb-6\">\n\t\t\t\t<ul class=\"reset-ul lqd-tabs-nav d-flex align-items-center flex-wrap justify-content-md-start pos-rel\" role=\"tablist\"><li data-controls=\"lqd-tab-1351\" role=\"presentation\" class=\"elementor-repeater-item-b79a58b active mb-3\"><a class=\"d-flex align-items-center\" href=\"#lqd-tab-1351\" data-bs-target=\"#lqd-tab-1351\" aria-expanded=\"false\" aria-controls=\"lqd-tab-1351\" role=\"tab\" data-toggle=\"tab\" data-bs-toggle=\"tab\"><span class=\"lqd-tabs-nav-txt\">ACESSO DIRETO<\/span><\/a><\/li><\/ul>\t\t\t\t\t\t\t<\/nav>\n\n\t\t\t<div class=\"lqd-tabs-content pos-rel\"><div id=\"lqd-tab-1351\" role=\"tabpanel\" class=\"lqd-tabs-pane fade active in\"><style>.elementor-502 .elementor-element.elementor-element-1b61b791 > .elementor-container{max-width:620px;}.elementor-502 .elementor-element.elementor-element-10e14ce4 > .elementor-element-populated{margin:0% 17% 0% 0%;--e-column-margin-right:17%;--e-column-margin-left:0%;padding:34px 30px 0px 0px;}.elementor-502 .elementor-element.elementor-element-4bd099d1 .ld-fh-element, .elementor-502 .elementor-element.elementor-element-4bd099d1 .ld-fh-element a{color:#000000;}.elementor-502 .elementor-element.elementor-element-4bd099d1 .ld-fh-element{font-size:13px;font-weight:700;text-transform:uppercase;letter-spacing:1.3px;margin:0em 0em 1.35em 0em;}.elementor-502 .elementor-element.elementor-element-4bd099d1 .lqd-highlight-inner, .elementor-502 .elementor-element.elementor-element-4bd099d1 .lqd-highlight-inner .lqd-highlight-brush-svg{height:0.275em;}.elementor-502 .elementor-element.elementor-element-4bd099d1 .lqd-highlight-inner{bottom:0em;left:0em;}.elementor-502 .elementor-element.elementor-element-391d1a63 .ld-fh-element{font-size:16px;font-weight:700;}.elementor-502 .elementor-element.elementor-element-391d1a63 .lqd-highlight-inner, .elementor-502 .elementor-element.elementor-element-391d1a63 .lqd-highlight-inner .lqd-highlight-brush-svg{height:0.275em;}.elementor-502 .elementor-element.elementor-element-391d1a63 .lqd-highlight-inner{bottom:0em;left:0em;}@media(max-width:1199px){.elementor-502 .elementor-element.elementor-element-10e14ce4 > .elementor-element-populated{margin:0px 8.75px 0px 0px;--e-column-margin-right:8.75px;--e-column-margin-left:0px;}}<\/style>\t\t<div data-elementor-type=\"section\" data-elementor-id=\"502\" class=\"elementor elementor-502\">\n\t\t\t\t\t\t<section class=\"elementor-section elementor-top-section elementor-element elementor-element-1b61b791 elementor-section-boxed elementor-section-height-default elementor-section-height-default\" data-id=\"1b61b791\" data-element_type=\"section\">\n\t\t\t\t\t\t<div class=\"elementor-container elementor-column-gap-default\">\n\t\t\t\t\t<div class=\"elementor-column elementor-col-100 elementor-top-column elementor-element elementor-element-10e14ce4\" data-id=\"10e14ce4\" data-element_type=\"column\">\n\t\t\t<div class=\"elementor-widget-wrap elementor-element-populated\">\n\t\t\t\t\t\t<div class=\"elementor-element elementor-element-4bd099d1 elementor-widget elementor-widget-hub_fancy_heading\" data-id=\"4bd099d1\" data-element_type=\"widget\" data-widget_type=\"hub_fancy_heading.default\">\n\t\t\t\t<div class=\"elementor-widget-container\">\n\t\t\t\t\t\n\t\t<div id=\"ld-fancy-heading-69e34adf7ff61\" class=\"ld-fancy-heading pos-rel\">\n\t\t\t<h6 class=\"ld-fh-element d-inline-block pos-rel  elementor-heading-title lqd-highlight-classic lqd-highlight-grow-left h6\"  > E-MAIL<\/h6>\t\t<\/div>\n\n\t\t\t\t\t\t<\/div>\n\t\t\t\t<\/div>\n\t\t\t\t<div class=\"elementor-element elementor-element-391d1a63 elementor-widget elementor-widget-hub_fancy_heading\" data-id=\"391d1a63\" data-element_type=\"widget\" data-widget_type=\"hub_fancy_heading.default\">\n\t\t\t\t<div class=\"elementor-widget-container\">\n\t\t\t\t\t\n\t\t<div id=\"ld-fancy-heading-69e34adf8044c\" class=\"ld-fancy-heading pos-rel\">\n\t\t\t<h4 class=\"ld-fh-element d-inline-block pos-rel  elementor-heading-title lqd-highlight-classic lqd-highlight-grow-left h4\"  > fernandinho@fazchover.com.br<\/h4>\t\t<\/div>\n\n\t\t\t\t\t\t<\/div>\n\t\t\t\t<\/div>\n\t\t\t\t\t<\/div>\n\t\t<\/div>\n\t\t\t\t\t<\/div>\n\t\t<\/section>\n\t\t\t\t<\/div>\n\t\t <\/div><\/div>\n\t\t<\/div>\n\t\t\t\t\t<\/div>\n\t\t\t\t<\/div>\n\t\t\t\t<div class=\"elementor-element elementor-element-9dcbc6b elementor-widget elementor-widget-spacer\" data-id=\"9dcbc6b\" data-element_type=\"widget\" data-widget_type=\"spacer.default\">\n\t\t\t\t<div class=\"elementor-widget-container\">\n\t\t\t\t\t\t\t<div class=\"elementor-spacer\">\n\t\t\t<div class=\"elementor-spacer-inner\"><\/div>\n\t\t<\/div>\n\t\t\t\t\t\t<\/div>\n\t\t\t\t<\/div>\n\t\t\t\t\t<\/div>\n\t\t<\/div>\n\t\t\t\t<div class=\"elementor-column elementor-col-50 elementor-top-column elementor-element elementor-element-737c779 elementor-hidden-tablet elementor-hidden-phone\" data-id=\"737c779\" data-element_type=\"column\">\n\t\t\t<div class=\"elementor-widget-wrap\">\n\t\t\t\t\t\t\t<\/div>\n\t\t<\/div>\n\t\t\t\t\t<\/div>\n\t\t<\/section>\n\t\t\t\t<section class=\"elementor-section elementor-top-section elementor-element elementor-element-7a953ec2 elementor-section-content-middle elementor-section-boxed elementor-section-height-default elementor-section-height-default\" data-id=\"7a953ec2\" data-element_type=\"section\">\n\t\t\t\t\t\t<div class=\"elementor-container elementor-column-gap-default\">\n\t\t\t\t\t<div class=\"elementor-column elementor-col-50 elementor-top-column elementor-element elementor-element-127c1316\" data-id=\"127c1316\" data-element_type=\"column\">\n\t\t\t<div class=\"elementor-widget-wrap elementor-element-populated\">\n\t\t\t\t\t\t<div class=\"elementor-element elementor-element-29f95f21 elementor-widget elementor-widget-hub_fancy_heading\" data-id=\"29f95f21\" data-element_type=\"widget\" data-widget_type=\"hub_fancy_heading.default\">\n\t\t\t\t<div class=\"elementor-widget-container\">\n\t\t\t\t\t\n\t\t<div id=\"ld-fancy-heading-69e34adf815c7\" class=\"ld-fancy-heading pos-rel\">\n\t\t\t<h6 class=\"ld-fh-element d-inline-block pos-rel  elementor-heading-title lqd-highlight-classic lqd-highlight-grow-left h6\"  > MINIST\u00c9RIO FAZ CHOVER<\/h6>\t\t<\/div>\n\n\t\t\t\t\t\t<\/div>\n\t\t\t\t<\/div>\n\t\t\t\t<div class=\"elementor-element elementor-element-18a9185 elementor-widget elementor-widget-hub_fancy_heading\" data-id=\"18a9185\" data-element_type=\"widget\" data-widget_type=\"hub_fancy_heading.default\">\n\t\t\t\t<div class=\"elementor-widget-container\">\n\t\t\t\t\t\n\t\t<div id=\"ld-fancy-heading-69e34adf819d1\" class=\"ld-fancy-heading pos-rel\">\n\t\t\t<h2 class=\"ld-fh-element d-inline-block pos-rel  elementor-heading-title lqd-highlight-classic lqd-highlight-grow-left h2\"  > Fale<br><em class=\"h3\">conosco<\/em><\/h2>\t\t<\/div>\n\n\t\t\t\t\t\t<\/div>\n\t\t\t\t<\/div>\n\t\t\t\t\t<\/div>\n\t\t<\/div>\n\t\t\t\t<div class=\"elementor-column elementor-col-50 elementor-top-column elementor-element elementor-element-2ece78e2\" data-id=\"2ece78e2\" data-element_type=\"column\">\n\t\t\t<div class=\"elementor-widget-wrap elementor-element-populated\">\n\t\t\t\t\t\t<div class=\"elementor-element elementor-element-1684b00 elementor-widget elementor-widget-hub_fancy_heading\" data-id=\"1684b00\" data-element_type=\"widget\" data-widget_type=\"hub_fancy_heading.default\">\n\t\t\t\t<div class=\"elementor-widget-container\">\n\t\t\t\t\t\n\t\t<div id=\"ld-fancy-heading-69e34adf82037\" class=\"ld-fancy-heading pos-rel\">\n\t\t\t<p class=\"ld-fh-element d-inline-block pos-rel  lqd-highlight-classic lqd-highlight-grow-left p\"  > Todas as mensagens enviadas atrav\u00e9s deste canal ser\u00e3o lidas e analisadas individualmente e respondidas o mais breve poss\u00edvel. Aguarde nosso retorno.<\/p>\t\t<\/div>\n\n\t\t\t\t\t\t<\/div>\n\t\t\t\t<\/div>\n\t\t\t\t\t<\/div>\n\t\t<\/div>\n\t\t\t\t\t<\/div>\n\t\t<\/section>\n\t\t\t\t<section class=\"elementor-section elementor-top-section elementor-element elementor-element-57b81aff elementor-section-boxed elementor-section-height-default elementor-section-height-default\" data-id=\"57b81aff\" data-element_type=\"section\">\n\t\t\t\t\t\t<div class=\"elementor-container elementor-column-gap-default\">\n\t\t\t\t\t<div class=\"elementor-column elementor-col-100 elementor-top-column elementor-element elementor-element-14a922bd\" data-id=\"14a922bd\" data-element_type=\"column\">\n\t\t\t<div class=\"elementor-widget-wrap elementor-element-populated\">\n\t\t\t\t\t\t<div class=\"elementor-element elementor-element-2fe75ad5 elementor-widget elementor-widget-hub_fancy_heading\" data-id=\"2fe75ad5\" data-element_type=\"widget\" data-widget_type=\"hub_fancy_heading.default\">\n\t\t\t\t<div class=\"elementor-widget-container\">\n\t\t\t\t\t\n\t\t<div id=\"ld-fancy-heading-69e34adf82908\" class=\"ld-fancy-heading pos-rel\">\n\t\t\t<h6 class=\"ld-fh-element d-inline-block pos-rel  elementor-heading-title lqd-highlight-classic lqd-highlight-grow-left h6\"  > PARA D\u00daVIDAS OU INFORMA\u00c7\u00d5ES<\/h6>\t\t<\/div>\n\n\t\t\t\t\t\t<\/div>\n\t\t\t\t<\/div>\n\t\t\t\t<div class=\"elementor-element elementor-element-7d258b7e elementor-widget elementor-widget-hub_fancy_heading\" data-id=\"7d258b7e\" data-element_type=\"widget\" data-widget_type=\"hub_fancy_heading.default\">\n\t\t\t\t<div class=\"elementor-widget-container\">\n\t\t\t\t\t\n\t\t<div id=\"ld-fancy-heading-69e34adf82cee\" class=\"ld-fancy-heading pos-rel\">\n\t\t\t<h3 class=\"ld-fh-element d-inline-block pos-rel  elementor-heading-title lqd-highlight-classic lqd-highlight-grow-left h3\"  > Preencha o formul\u00e1rio<\/h3>\t\t<\/div>\n\n\t\t\t\t\t\t<\/div>\n\t\t\t\t<\/div>\n\t\t\t\t<div class=\"elementor-element elementor-element-38c8fc50 elementor-widget elementor-widget-hub_fancy_heading\" data-id=\"38c8fc50\" data-element_type=\"widget\" data-widget_type=\"hub_fancy_heading.default\">\n\t\t\t\t<div class=\"elementor-widget-container\">\n\t\t\t\t\t\n\t\t<div id=\"ld-fancy-heading-69e34adf8312a\" class=\"ld-fancy-heading pos-rel\">\n\t\t\t<p class=\"ld-fh-element d-inline-block pos-rel  lqd-highlight-classic lqd-highlight-grow-left p\"  > Teremos o maior prazer em te atender!<\/p>\t\t<\/div>\n\n\t\t\t\t\t\t<\/div>\n\t\t\t\t<\/div>\n\t\t\t\t<div class=\"elementor-element elementor-element-d9823e2 elementor-widget elementor-widget-html\" data-id=\"d9823e2\" data-element_type=\"widget\" data-widget_type=\"html.default\">\n\t\t\t\t<div class=\"elementor-widget-container\">\n\t\t\t\t\t<div role=\"main\" id=\"modelo-formulario-pagina-de-contato-e27eb4a3ba3fc177473f\"><\/div><script type=\"text\/javascript\" src=\"https:\/\/d335luupugsy2.cloudfront.net\/js\/rdstation-forms\/stable\/rdstation-forms.min.js\"><\/script><script type=\"text\/javascript\"> new RDStationForms('modelo-formulario-pagina-de-contato-e27eb4a3ba3fc177473f', 'null').createForm();<\/script>\t\t\t\t<\/div>\n\t\t\t\t<\/div>\n\t\t\t\t\t<\/div>\n\t\t<\/div>\n\t\t\t\t\t<\/div>\n\t\t<\/section>\n\t\t\t\t<\/div>\n\t\t","protected":false},"excerpt":{"rendered":"<p>ACESSO DIRETO E-MAIL fernandinho@fazchover.com.br MINIST\u00c9RIO FAZ CHOVER Faleconosco Todas as mensagens enviadas atrav\u00e9s deste canal ser\u00e3o lidas e analisadas individualmente e respondidas o mais breve poss\u00edvel. Aguarde nosso retorno. PARA D\u00daVIDAS OU INFORMA\u00c7\u00d5ES Preencha o formul\u00e1rio Teremos o maior prazer em te atender!<\/p>\n","protected":false},"author":1,"featured_media":0,"parent":0,"menu_order":0,"comment_status":"closed","ping_status":"closed","template":"","meta":{"footnotes":""},"class_list":["post-492","page","type-page","status-publish","hentry"],"_links":{"self":[{"href":"https:\/\/ministeriofazchover.com.br\/fernandinho\/wp-json\/wp\/v2\/pages\/492","targetHints":{"allow":["GET"]}}],"collection":[{"href":"https:\/\/ministeriofazchover.com.br\/fernandinho\/wp-json\/wp\/v2\/pages"}],"about":[{"href":"https:\/\/ministeriofazchover.com.br\/fernandinho\/wp-json\/wp\/v2\/types\/page"}],"author":[{"embeddable":true,"href":"https:\/\/ministeriofazchover.com.br\/fernandinho\/wp-json\/wp\/v2\/users\/1"}],"replies":[{"embeddable":true,"href":"https:\/\/ministeriofazchover.com.br\/fernandinho\/wp-json\/wp\/v2\/comments?post=492"}],"version-history":[{"count":3,"href":"https:\/\/ministeriofazchover.com.br\/fernandinho\/wp-json\/wp\/v2\/pages\/492\/revisions"}],"predecessor-version":[{"id":7092,"href":"https:\/\/ministeriofazchover.com.br\/fernandinho\/wp-json\/wp\/v2\/pages\/492\/revisions\/7092"}],"wp:attachment":[{"href":"https:\/\/ministeriofazchover.com.br\/fernandinho\/wp-json\/wp\/v2\/media?parent=492"}],"curies":[{"name":"wp","href":"https:\/\/api.w.org\/{rel}","templated":true}]}}